{"id":11300,"date":"2021-09-01T14:34:04","date_gmt":"2021-09-01T12:34:04","guid":{"rendered":"http:\/\/derbadprofi.at\/v2\/?page_id=11300"},"modified":"2021-09-01T15:00:48","modified_gmt":"2021-09-01T13:00:48","slug":"muhlviertel","status":"publish","type":"page","link":"https:\/\/derbadprofi.at\/v2\/unternehmen\/standorte\/muhlviertel\/","title":{"rendered":"M\u00fchlviertel"},"content":{"rendered":"\t\t<div data-elementor-type=\"wp-page\" data-elementor-id=\"11300\" class=\"elementor elementor-11300\">\n\t\t\t\t\t\t\t\t\t<section class=\"elementor-section elementor-top-section elementor-element elementor-element-3e0ae9b elementor-section-stretched elementor-section-full_width elementor-section-height-default elementor-section-height-default\" data-id=\"3e0ae9b\" data-element_type=\"section\" data-settings=\"{&quot;stretch_section&quot;:&quot;section-stretched&quot;,&quot;jet_parallax_layout_list&quot;:[{&quot;jet_parallax_layout_image&quot;:{&quot;url&quot;:&quot;&quot;,&quot;id&quot;:&quot;&quot;},&quot;_id&quot;:&quot;938b038&quot;,&quot;jet_parallax_layout_image_tablet&quot;:{&quot;url&quot;:&quot;&quot;,&quot;id&quot;:&quot;&quot;},&quot;jet_parallax_layout_image_mobile&quot;:{&quot;url&quot;:&quot;&quot;,&quot;id&quot;:&quot;&quot;},&quot;jet_parallax_layout_speed&quot;:{&quot;unit&quot;:&quot;%&quot;,&quot;size&quot;:50,&quot;sizes&quot;:[]},&quot;jet_parallax_layout_type&quot;:&quot;scroll&quot;,&quot;jet_parallax_layout_direction&quot;:null,&quot;jet_parallax_layout_fx_direction&quot;:null,&quot;jet_parallax_layout_z_index&quot;:&quot;&quot;,&quot;jet_parallax_layout_bg_x&quot;:50,&quot;jet_parallax_layout_bg_x_tablet&quot;:&quot;&quot;,&quot;jet_parallax_layout_bg_x_mobile&quot;:&quot;&quot;,&quot;jet_parallax_layout_bg_y&quot;:50,&quot;jet_parallax_layout_bg_y_tablet&quot;:&quot;&quot;,&quot;jet_parallax_layout_bg_y_mobile&quot;:&quot;&quot;,&quot;jet_parallax_layout_bg_size&quot;:&quot;auto&quot;,&quot;jet_parallax_layout_bg_size_tablet&quot;:&quot;&quot;,&quot;jet_parallax_layout_bg_size_mobile&quot;:&quot;&quot;,&quot;jet_parallax_layout_animation_prop&quot;:&quot;transform&quot;,&quot;jet_parallax_layout_on&quot;:[&quot;desktop&quot;,&quot;tablet&quot;]}]}\">\n\t\t\t\t\t\t<div class=\"elementor-container elementor-column-gap-no\">\n\t\t\t\t\t<div class=\"elementor-column elementor-col-100 elementor-top-column elementor-element elementor-element-d0b93d0\" data-id=\"d0b93d0\" data-element_type=\"column\">\n\t\t\t<div class=\"elementor-widget-wrap\">\n\t\t\t\t\t\t\t\t\t<\/div>\n\t\t<\/div>\n\t\t\t\t\t\t\t<\/div>\n\t\t<\/section>\n\t\t\t\t<section class=\"elementor-section elementor-top-section elementor-element elementor-element-2a7c8a4 elementor-section-boxed elementor-section-height-default elementor-section-height-default\" data-id=\"2a7c8a4\" data-element_type=\"section\" data-settings=\"{&quot;jet_parallax_layout_list&quot;:[{&quot;jet_parallax_layout_image&quot;:{&quot;url&quot;:&quot;&quot;,&quot;id&quot;:&quot;&quot;},&quot;_id&quot;:&quot;cbbb1e5&quot;,&quot;jet_parallax_layout_image_tablet&quot;:{&quot;url&quot;:&quot;&quot;,&quot;id&quot;:&quot;&quot;},&quot;jet_parallax_layout_image_mobile&quot;:{&quot;url&quot;:&quot;&quot;,&quot;id&quot;:&quot;&quot;},&quot;jet_parallax_layout_speed&quot;:{&quot;unit&quot;:&quot;%&quot;,&quot;size&quot;:50,&quot;sizes&quot;:[]},&quot;jet_parallax_layout_type&quot;:&quot;scroll&quot;,&quot;jet_parallax_layout_direction&quot;:null,&quot;jet_parallax_layout_fx_direction&quot;:null,&quot;jet_parallax_layout_z_index&quot;:&quot;&quot;,&quot;jet_parallax_layout_bg_x&quot;:50,&quot;jet_parallax_layout_bg_x_tablet&quot;:&quot;&quot;,&quot;jet_parallax_layout_bg_x_mobile&quot;:&quot;&quot;,&quot;jet_parallax_layout_bg_y&quot;:50,&quot;jet_parallax_layout_bg_y_tablet&quot;:&quot;&quot;,&quot;jet_parallax_layout_bg_y_mobile&quot;:&quot;&quot;,&quot;jet_parallax_layout_bg_size&quot;:&quot;auto&quot;,&quot;jet_parallax_layout_bg_size_tablet&quot;:&quot;&quot;,&quot;jet_parallax_layout_bg_size_mobile&quot;:&quot;&quot;,&quot;jet_parallax_layout_animation_prop&quot;:&quot;transform&quot;,&quot;jet_parallax_layout_on&quot;:[&quot;desktop&quot;,&quot;tablet&quot;]}]}\">\n\t\t\t\t\t\t<div class=\"elementor-container elementor-column-gap-default\">\n\t\t\t\t\t<div class=\"elementor-column elementor-col-100 elementor-top-column elementor-element elementor-element-e9f5f7b\" data-id=\"e9f5f7b\" data-element_type=\"column\">\n\t\t\t<div class=\"elementor-widget-wrap elementor-element-populated\">\n\t\t\t\t\t\t\t\t<div class=\"elementor-element elementor-element-5f1fdc0 elementor-widget elementor-widget-heading\" data-id=\"5f1fdc0\" data-element_type=\"widget\" data-widget_type=\"heading.default\">\n\t\t\t\t<div class=\"elementor-widget-container\">\n\t\t\t<style>\/*! elementor - v3.8.0 - 30-10-2022 *\/\n.elementor-heading-title{padding:0;margin:0;line-height:1}.elementor-widget-heading .elementor-heading-title[class*=elementor-size-]>a{color:inherit;font-size:inherit;line-height:inherit}.elementor-widget-heading .elementor-heading-title.elementor-size-small{font-size:15px}.elementor-widget-heading .elementor-heading-title.elementor-size-medium{font-size:19px}.elementor-widget-heading .elementor-heading-title.elementor-size-large{font-size:29px}.elementor-widget-heading .elementor-heading-title.elementor-size-xl{font-size:39px}.elementor-widget-heading .elementor-heading-title.elementor-size-xxl{font-size:59px}<\/style><h1 class=\"elementor-heading-title elementor-size-default\">IHR SPEZIALIST F\u00dcR DIE BADPLANUNG & BADRENOVIERUNG IM M\u00dcHLVIERTEL <\/h1>\t\t<\/div>\n\t\t\t\t<\/div>\n\t\t\t\t<div class=\"elementor-element elementor-element-5924626 elementor-widget-divider--view-line elementor-widget elementor-widget-divider\" data-id=\"5924626\" data-element_type=\"widget\" data-widget_type=\"divider.default\">\n\t\t\t\t<div class=\"elementor-widget-container\">\n\t\t\t<style>\/*! elementor - v3.8.0 - 30-10-2022 *\/\n.elementor-widget-divider{--divider-border-style:none;--divider-border-width:1px;--divider-color:#2c2c2c;--divider-icon-size:20px;--divider-element-spacing:10px;--divider-pattern-height:24px;--divider-pattern-size:20px;--divider-pattern-url:none;--divider-pattern-repeat:repeat-x}.elementor-widget-divider .elementor-divider{display:-webkit-box;display:-ms-flexbox;display:flex}.elementor-widget-divider .elementor-divider__text{font-size:15px;line-height:1;max-width:95%}.elementor-widget-divider .elementor-divider__element{margin:0 var(--divider-element-spacing);-ms-flex-negative:0;flex-shrink:0}.elementor-widget-divider .elementor-icon{font-size:var(--divider-icon-size)}.elementor-widget-divider .elementor-divider-separator{display:-webkit-box;display:-ms-flexbox;display:flex;margin:0;direction:ltr}.elementor-widget-divider--view-line_icon .elementor-divider-separator,.elementor-widget-divider--view-line_text .elementor-divider-separator{-webkit-box-align:center;-ms-flex-align:center;align-items:center}.elementor-widget-divider--view-line_icon .elementor-divider-separator:after,.elementor-widget-divider--view-line_icon .elementor-divider-separator:before,.elementor-widget-divider--view-line_text .elementor-divider-separator:after,.elementor-widget-divider--view-line_text .elementor-divider-separator:before{display:block;content:\"\";border-bottom:0;-webkit-box-flex:1;-ms-flex-positive:1;flex-grow:1;border-top:var(--divider-border-width) var(--divider-border-style) var(--divider-color)}.elementor-widget-divider--element-align-left .elementor-divider .elementor-divider-separator>.elementor-divider__svg:first-of-type{-webkit-box-flex:0;-ms-flex-positive:0;flex-grow:0;-ms-flex-negative:100;flex-shrink:100}.elementor-widget-divider--element-align-left .elementor-divider-separator:before{content:none}.elementor-widget-divider--element-align-left .elementor-divider__element{margin-left:0}.elementor-widget-divider--element-align-right .elementor-divider .elementor-divider-separator>.elementor-divider__svg:last-of-type{-webkit-box-flex:0;-ms-flex-positive:0;flex-grow:0;-ms-flex-negative:100;flex-shrink:100}.elementor-widget-divider--element-align-right .elementor-divider-separator:after{content:none}.elementor-widget-divider--element-align-right .elementor-divider__element{margin-right:0}.elementor-widget-divider:not(.elementor-widget-divider--view-line_text):not(.elementor-widget-divider--view-line_icon) .elementor-divider-separator{border-top:var(--divider-border-width) var(--divider-border-style) var(--divider-color)}.elementor-widget-divider--separator-type-pattern{--divider-border-style:none}.elementor-widget-divider--separator-type-pattern.elementor-widget-divider--view-line .elementor-divider-separator,.elementor-widget-divider--separator-type-pattern:not(.elementor-widget-divider--view-line) .elementor-divider-separator:after,.elementor-widget-divider--separator-type-pattern:not(.elementor-widget-divider--view-line) .elementor-divider-separator:before,.elementor-widget-divider--separator-type-pattern:not([class*=elementor-widget-divider--view]) .elementor-divider-separator{width:100%;min-height:var(--divider-pattern-height);-webkit-mask-size:var(--divider-pattern-size) 100%;mask-size:var(--divider-pattern-size) 100%;-webkit-mask-repeat:var(--divider-pattern-repeat);mask-repeat:var(--divider-pattern-repeat);background-color:var(--divider-color);-webkit-mask-image:var(--divider-pattern-url);mask-image:var(--divider-pattern-url)}.elementor-widget-divider--no-spacing{--divider-pattern-size:auto}.elementor-widget-divider--bg-round{--divider-pattern-repeat:round}.rtl .elementor-widget-divider .elementor-divider__text{direction:rtl}.e-con-inner>.elementor-widget-divider,.e-con>.elementor-widget-divider{width:var(--container-widget-width,100%)}<\/style>\t\t<div class=\"elementor-divider\">\n\t\t\t<span class=\"elementor-divider-separator\">\n\t\t\t\t\t\t<\/span>\n\t\t<\/div>\n\t\t\t\t<\/div>\n\t\t\t\t<\/div>\n\t\t\t\t<div class=\"elementor-element elementor-element-1975ab0 elementor-widget elementor-widget-heading\" data-id=\"1975ab0\" data-element_type=\"widget\" data-widget_type=\"heading.default\">\n\t\t\t\t<div class=\"elementor-widget-container\">\n\t\t\t<h2 class=\"elementor-heading-title elementor-size-default\">WELLNESS UND WOHLF\u00dcHLEN IN IHREM BADEZIMMER <\/h2>\t\t<\/div>\n\t\t\t\t<\/div>\n\t\t\t\t<div class=\"elementor-element elementor-element-92c8e77 elementor-widget elementor-widget-text-editor\" data-id=\"92c8e77\" data-element_type=\"widget\" data-widget_type=\"text-editor.default\">\n\t\t\t\t<div class=\"elementor-widget-container\">\n\t\t\t<style>\/*! elementor - v3.8.0 - 30-10-2022 *\/\n.elementor-widget-text-editor.elementor-drop-cap-view-stacked .elementor-drop-cap{background-color:#818a91;color:#fff}.elementor-widget-text-editor.elementor-drop-cap-view-framed .elementor-drop-cap{color:#818a91;border:3px solid;background-color:transparent}.elementor-widget-text-editor:not(.elementor-drop-cap-view-default) .elementor-drop-cap{margin-top:8px}.elementor-widget-text-editor:not(.elementor-drop-cap-view-default) .elementor-drop-cap-letter{width:1em;height:1em}.elementor-widget-text-editor .elementor-drop-cap{float:left;text-align:center;line-height:1;font-size:50px}.elementor-widget-text-editor .elementor-drop-cap-letter{display:inline-block}<\/style>\t\t\t\t<p>Ist es nicht einfacher, gleich die Profis mit den anfallenden Aufgaben in Ihrem Badezimmer zu beauftragen? Wir sanieren, renovieren oder modernisieren Ihr Bad und machen eine wahre Wohlf\u00fchloase daraus. Von der Planung bis zur Umsetzung bekommen Sie mit dem Bad Profi im M\u00fchlviertel alles aus einer Hand.<\/p><p>\u00a0<\/p><p>Abschalten, entspannen und genie\u00dfen \u2013 Holen Sie sich den Wellness-Urlaub in die eignen vier W\u00e4nde. Egal, welche W\u00fcnsche und Vorstellungen Sie auch haben, mit dem Bad Profi im M\u00fchlviertel bekommen Sie genau das, was Sie sich gew\u00fcnscht haben. \u00dcberlassen Sie bei dem Traum von Ihrem Badezimmer nichts dem Zufall. Wir freuen uns auf Ihre <a href=\"\/muehlviertel\">Terminanfrage.<\/a><\/p>\t\t\t\t\t\t<\/div>\n\t\t\t\t<\/div>\n\t\t\t\t\t<\/div>\n\t\t<\/div>\n\t\t\t\t\t\t\t<\/div>\n\t\t<\/section>\n\t\t\t\t\t\t\t<\/div>\n\t\t","protected":false},"excerpt":{"rendered":"<p>IHR SPEZIALIST F\u00dcR DIE BADPLANUNG &amp; BADRENOVIERUNG IM M\u00dcHLVIERTEL WELLNESS UND WOHLF\u00dcHLEN IN IHREM BADEZIMMER Ist es nicht einfacher, gleich die Profis mit den anfallenden Aufgaben in Ihrem Badezimmer zu beauftragen? Wir sanieren, renovieren oder modernisieren Ihr Bad und machen eine wahre Wohlf\u00fchloase daraus. Von der Planung bis zur Umsetzung bekommen Sie mit dem Bad [&hellip;]<\/p>\n","protected":false},"author":1,"featured_media":0,"parent":10644,"menu_order":0,"comment_status":"closed","ping_status":"closed","template":"elementor_header_footer","meta":[],"yoast_head":"<!-- This site is optimized with the Yoast SEO plugin v19.10 - https:\/\/yoast.com\/wordpress\/plugins\/seo\/ -->\n<title>Badplanung &amp; Badsanierung im M\u00fchlviertel | Der Bad Profi<\/title>\n<meta name=\"description\" content=\"Sie m\u00f6chten Ihr Badezimmer renovieren, sanieren, umgestalten oder ein neues Bad? Der Bad Profi im M\u00fchlviertel ist Ihr Ansprechpartner auf dem Weg zum Traumbad!\" \/>\n<meta name=\"robots\" content=\"index, follow, max-snippet:-1, max-image-preview:large, max-video-preview:-1\" \/>\n<link rel=\"canonical\" href=\"https:\/\/derbadprofi.at\/v2\/unternehmen\/standorte\/muhlviertel\/\" \/>\n<meta property=\"og:locale\" content=\"de_DE\" \/>\n<meta property=\"og:type\" content=\"article\" \/>\n<meta property=\"og:title\" content=\"Badplanung &amp; Badsanierung im M\u00fchlviertel | Der Bad Profi\" \/>\n<meta property=\"og:description\" content=\"Sie m\u00f6chten Ihr Badezimmer renovieren, sanieren, umgestalten oder ein neues Bad? Der Bad Profi im M\u00fchlviertel ist Ihr Ansprechpartner auf dem Weg zum Traumbad!\" \/>\n<meta property=\"og:url\" content=\"https:\/\/derbadprofi.at\/v2\/unternehmen\/standorte\/muhlviertel\/\" \/>\n<meta property=\"og:site_name\" content=\"Badplanung und Badsanierung in &Ouml;sterreich mit Der Bad Profi\" \/>\n<meta property=\"article:modified_time\" content=\"2021-09-01T13:00:48+00:00\" \/>\n<meta name=\"twitter:card\" content=\"summary_large_image\" \/>\n<meta name=\"twitter:label1\" content=\"Gesch\u00e4tzte Lesezeit\" \/>\n\t<meta name=\"twitter:data1\" content=\"1 Minute\" \/>\n<script type=\"application\/ld+json\" class=\"yoast-schema-graph\">{\"@context\":\"https:\/\/schema.org\",\"@graph\":[{\"@type\":\"WebPage\",\"@id\":\"https:\/\/derbadprofi.at\/v2\/unternehmen\/standorte\/muhlviertel\/\",\"url\":\"https:\/\/derbadprofi.at\/v2\/unternehmen\/standorte\/muhlviertel\/\",\"name\":\"Badplanung & Badsanierung im M\u00fchlviertel | Der Bad Profi\",\"isPartOf\":{\"@id\":\"https:\/\/derbadprofi.at\/v2\/#website\"},\"datePublished\":\"2021-09-01T12:34:04+00:00\",\"dateModified\":\"2021-09-01T13:00:48+00:00\",\"description\":\"Sie m\u00f6chten Ihr Badezimmer renovieren, sanieren, umgestalten oder ein neues Bad? Der Bad Profi im M\u00fchlviertel ist Ihr Ansprechpartner auf dem Weg zum Traumbad!\",\"breadcrumb\":{\"@id\":\"https:\/\/derbadprofi.at\/v2\/unternehmen\/standorte\/muhlviertel\/#breadcrumb\"},\"inLanguage\":\"de-AT\",\"potentialAction\":[{\"@type\":\"ReadAction\",\"target\":[\"https:\/\/derbadprofi.at\/v2\/unternehmen\/standorte\/muhlviertel\/\"]}]},{\"@type\":\"BreadcrumbList\",\"@id\":\"https:\/\/derbadprofi.at\/v2\/unternehmen\/standorte\/muhlviertel\/#breadcrumb\",\"itemListElement\":[{\"@type\":\"ListItem\",\"position\":1,\"name\":\"Home\",\"item\":\"https:\/\/derbadprofi.at\/v2\/\"},{\"@type\":\"ListItem\",\"position\":2,\"name\":\"Unternehmen\",\"item\":\"https:\/\/derbadprofi.at\/v2\/unternehmen\/\"},{\"@type\":\"ListItem\",\"position\":3,\"name\":\"Standorte\",\"item\":\"https:\/\/derbadprofi.at\/v2\/unternehmen\/standorte\/\"},{\"@type\":\"ListItem\",\"position\":4,\"name\":\"M\u00fchlviertel\"}]},{\"@type\":\"WebSite\",\"@id\":\"https:\/\/derbadprofi.at\/v2\/#website\",\"url\":\"https:\/\/derbadprofi.at\/v2\/\",\"name\":\"Badplanung und Badsanierung in &Ouml;sterreich mit Der Bad Profi\",\"description\":\"Badplanung, Badrenovierung und Badsanierung in &Ouml;sterreich - flexibel, individuell, ohne versteckte Kosten und mit Handschlagqualit&auml;t. Ihr Bad Profi!\",\"potentialAction\":[{\"@type\":\"SearchAction\",\"target\":{\"@type\":\"EntryPoint\",\"urlTemplate\":\"https:\/\/derbadprofi.at\/v2\/?s={search_term_string}\"},\"query-input\":\"required name=search_term_string\"}],\"inLanguage\":\"de-AT\"}]}<\/script>\n<!-- \/ Yoast SEO plugin. -->","yoast_head_json":{"title":"Badplanung & Badsanierung im M\u00fchlviertel | Der Bad Profi","description":"Sie m\u00f6chten Ihr Badezimmer renovieren, sanieren, umgestalten oder ein neues Bad? Der Bad Profi im M\u00fchlviertel ist Ihr Ansprechpartner auf dem Weg zum Traumbad!","robots":{"index":"index","follow":"follow","max-snippet":"max-snippet:-1","max-image-preview":"max-image-preview:large","max-video-preview":"max-video-preview:-1"},"canonical":"https:\/\/derbadprofi.at\/v2\/unternehmen\/standorte\/muhlviertel\/","og_locale":"de_DE","og_type":"article","og_title":"Badplanung & Badsanierung im M\u00fchlviertel | Der Bad Profi","og_description":"Sie m\u00f6chten Ihr Badezimmer renovieren, sanieren, umgestalten oder ein neues Bad? Der Bad Profi im M\u00fchlviertel ist Ihr Ansprechpartner auf dem Weg zum Traumbad!","og_url":"https:\/\/derbadprofi.at\/v2\/unternehmen\/standorte\/muhlviertel\/","og_site_name":"Badplanung und Badsanierung in &Ouml;sterreich mit Der Bad Profi","article_modified_time":"2021-09-01T13:00:48+00:00","twitter_card":"summary_large_image","twitter_misc":{"Gesch\u00e4tzte Lesezeit":"1 Minute"},"schema":{"@context":"https:\/\/schema.org","@graph":[{"@type":"WebPage","@id":"https:\/\/derbadprofi.at\/v2\/unternehmen\/standorte\/muhlviertel\/","url":"https:\/\/derbadprofi.at\/v2\/unternehmen\/standorte\/muhlviertel\/","name":"Badplanung & Badsanierung im M\u00fchlviertel | Der Bad Profi","isPartOf":{"@id":"https:\/\/derbadprofi.at\/v2\/#website"},"datePublished":"2021-09-01T12:34:04+00:00","dateModified":"2021-09-01T13:00:48+00:00","description":"Sie m\u00f6chten Ihr Badezimmer renovieren, sanieren, umgestalten oder ein neues Bad? Der Bad Profi im M\u00fchlviertel ist Ihr Ansprechpartner auf dem Weg zum Traumbad!","breadcrumb":{"@id":"https:\/\/derbadprofi.at\/v2\/unternehmen\/standorte\/muhlviertel\/#breadcrumb"},"inLanguage":"de-AT","potentialAction":[{"@type":"ReadAction","target":["https:\/\/derbadprofi.at\/v2\/unternehmen\/standorte\/muhlviertel\/"]}]},{"@type":"BreadcrumbList","@id":"https:\/\/derbadprofi.at\/v2\/unternehmen\/standorte\/muhlviertel\/#breadcrumb","itemListElement":[{"@type":"ListItem","position":1,"name":"Home","item":"https:\/\/derbadprofi.at\/v2\/"},{"@type":"ListItem","position":2,"name":"Unternehmen","item":"https:\/\/derbadprofi.at\/v2\/unternehmen\/"},{"@type":"ListItem","position":3,"name":"Standorte","item":"https:\/\/derbadprofi.at\/v2\/unternehmen\/standorte\/"},{"@type":"ListItem","position":4,"name":"M\u00fchlviertel"}]},{"@type":"WebSite","@id":"https:\/\/derbadprofi.at\/v2\/#website","url":"https:\/\/derbadprofi.at\/v2\/","name":"Badplanung und Badsanierung in &Ouml;sterreich mit Der Bad Profi","description":"Badplanung, Badrenovierung und Badsanierung in &Ouml;sterreich - flexibel, individuell, ohne versteckte Kosten und mit Handschlagqualit&auml;t. Ihr Bad Profi!","potentialAction":[{"@type":"SearchAction","target":{"@type":"EntryPoint","urlTemplate":"https:\/\/derbadprofi.at\/v2\/?s={search_term_string}"},"query-input":"required name=search_term_string"}],"inLanguage":"de-AT"}]}},"_links":{"self":[{"href":"https:\/\/derbadprofi.at\/v2\/wp-json\/wp\/v2\/pages\/11300"}],"collection":[{"href":"https:\/\/derbadprofi.at\/v2\/wp-json\/wp\/v2\/pages"}],"about":[{"href":"https:\/\/derbadprofi.at\/v2\/wp-json\/wp\/v2\/types\/page"}],"author":[{"embeddable":true,"href":"https:\/\/derbadprofi.at\/v2\/wp-json\/wp\/v2\/users\/1"}],"replies":[{"embeddable":true,"href":"https:\/\/derbadprofi.at\/v2\/wp-json\/wp\/v2\/comments?post=11300"}],"version-history":[{"count":7,"href":"https:\/\/derbadprofi.at\/v2\/wp-json\/wp\/v2\/pages\/11300\/revisions"}],"predecessor-version":[{"id":11322,"href":"https:\/\/derbadprofi.at\/v2\/wp-json\/wp\/v2\/pages\/11300\/revisions\/11322"}],"up":[{"embeddable":true,"href":"https:\/\/derbadprofi.at\/v2\/wp-json\/wp\/v2\/pages\/10644"}],"wp:attachment":[{"href":"https:\/\/derbadprofi.at\/v2\/wp-json\/wp\/v2\/media?parent=11300"}],"curies":[{"name":"wp","href":"https:\/\/api.w.org\/{rel}","templated":true}]}}