{"id":10660,"date":"2020-04-01T09:50:38","date_gmt":"2020-04-01T07:50:38","guid":{"rendered":"http:\/\/derbadprofi.at\/v2\/?page_id=10660"},"modified":"2021-02-04T16:33:34","modified_gmt":"2021-02-04T15:33:34","slug":"linz","status":"publish","type":"page","link":"https:\/\/derbadprofi.at\/v2\/unternehmen\/standorte\/linz\/","title":{"rendered":"Linz"},"content":{"rendered":"\t\t<div data-elementor-type=\"wp-page\" data-elementor-id=\"10660\" class=\"elementor elementor-10660\">\n\t\t\t\t\t\t\t\t\t<section class=\"elementor-section elementor-top-section elementor-element elementor-element-303bd72 elementor-section-stretched elementor-section-full_width elementor-section-height-default elementor-section-height-default\" data-id=\"303bd72\" data-element_type=\"section\" data-settings=\"{&quot;stretch_section&quot;:&quot;section-stretched&quot;,&quot;jet_parallax_layout_list&quot;:[{&quot;jet_parallax_layout_image&quot;:{&quot;url&quot;:&quot;&quot;,&quot;id&quot;:&quot;&quot;},&quot;_id&quot;:&quot;938b038&quot;,&quot;jet_parallax_layout_image_tablet&quot;:{&quot;url&quot;:&quot;&quot;,&quot;id&quot;:&quot;&quot;},&quot;jet_parallax_layout_image_mobile&quot;:{&quot;url&quot;:&quot;&quot;,&quot;id&quot;:&quot;&quot;},&quot;jet_parallax_layout_speed&quot;:{&quot;unit&quot;:&quot;%&quot;,&quot;size&quot;:50,&quot;sizes&quot;:[]},&quot;jet_parallax_layout_type&quot;:&quot;scroll&quot;,&quot;jet_parallax_layout_direction&quot;:null,&quot;jet_parallax_layout_fx_direction&quot;:null,&quot;jet_parallax_layout_z_index&quot;:&quot;&quot;,&quot;jet_parallax_layout_bg_x&quot;:50,&quot;jet_parallax_layout_bg_x_tablet&quot;:&quot;&quot;,&quot;jet_parallax_layout_bg_x_mobile&quot;:&quot;&quot;,&quot;jet_parallax_layout_bg_y&quot;:50,&quot;jet_parallax_layout_bg_y_tablet&quot;:&quot;&quot;,&quot;jet_parallax_layout_bg_y_mobile&quot;:&quot;&quot;,&quot;jet_parallax_layout_bg_size&quot;:&quot;auto&quot;,&quot;jet_parallax_layout_bg_size_tablet&quot;:&quot;&quot;,&quot;jet_parallax_layout_bg_size_mobile&quot;:&quot;&quot;,&quot;jet_parallax_layout_animation_prop&quot;:&quot;transform&quot;,&quot;jet_parallax_layout_on&quot;:[&quot;desktop&quot;,&quot;tablet&quot;]}]}\">\n\t\t\t\t\t\t<div class=\"elementor-container elementor-column-gap-no\">\n\t\t\t\t\t<div class=\"elementor-column elementor-col-100 elementor-top-column elementor-element elementor-element-1552c58\" data-id=\"1552c58\" data-element_type=\"column\">\n\t\t\t<div class=\"elementor-widget-wrap\">\n\t\t\t\t\t\t\t\t\t<\/div>\n\t\t<\/div>\n\t\t\t\t\t\t\t<\/div>\n\t\t<\/section>\n\t\t\t\t<section class=\"elementor-section elementor-top-section elementor-element elementor-element-2a7c8a4 elementor-section-boxed elementor-section-height-default elementor-section-height-default\" data-id=\"2a7c8a4\" data-element_type=\"section\" data-settings=\"{&quot;jet_parallax_layout_list&quot;:[{&quot;jet_parallax_layout_image&quot;:{&quot;url&quot;:&quot;&quot;,&quot;id&quot;:&quot;&quot;},&quot;_id&quot;:&quot;cbbb1e5&quot;,&quot;jet_parallax_layout_image_tablet&quot;:{&quot;url&quot;:&quot;&quot;,&quot;id&quot;:&quot;&quot;},&quot;jet_parallax_layout_image_mobile&quot;:{&quot;url&quot;:&quot;&quot;,&quot;id&quot;:&quot;&quot;},&quot;jet_parallax_layout_speed&quot;:{&quot;unit&quot;:&quot;%&quot;,&quot;size&quot;:50,&quot;sizes&quot;:[]},&quot;jet_parallax_layout_type&quot;:&quot;scroll&quot;,&quot;jet_parallax_layout_direction&quot;:null,&quot;jet_parallax_layout_fx_direction&quot;:null,&quot;jet_parallax_layout_z_index&quot;:&quot;&quot;,&quot;jet_parallax_layout_bg_x&quot;:50,&quot;jet_parallax_layout_bg_x_tablet&quot;:&quot;&quot;,&quot;jet_parallax_layout_bg_x_mobile&quot;:&quot;&quot;,&quot;jet_parallax_layout_bg_y&quot;:50,&quot;jet_parallax_layout_bg_y_tablet&quot;:&quot;&quot;,&quot;jet_parallax_layout_bg_y_mobile&quot;:&quot;&quot;,&quot;jet_parallax_layout_bg_size&quot;:&quot;auto&quot;,&quot;jet_parallax_layout_bg_size_tablet&quot;:&quot;&quot;,&quot;jet_parallax_layout_bg_size_mobile&quot;:&quot;&quot;,&quot;jet_parallax_layout_animation_prop&quot;:&quot;transform&quot;,&quot;jet_parallax_layout_on&quot;:[&quot;desktop&quot;,&quot;tablet&quot;]}]}\">\n\t\t\t\t\t\t<div class=\"elementor-container elementor-column-gap-default\">\n\t\t\t\t\t<div class=\"elementor-column elementor-col-100 elementor-top-column elementor-element elementor-element-e9f5f7b\" data-id=\"e9f5f7b\" data-element_type=\"column\">\n\t\t\t<div class=\"elementor-widget-wrap elementor-element-populated\">\n\t\t\t\t\t\t\t\t<div class=\"elementor-element elementor-element-5f1fdc0 elementor-widget elementor-widget-heading\" data-id=\"5f1fdc0\" data-element_type=\"widget\" data-widget_type=\"heading.default\">\n\t\t\t\t<div class=\"elementor-widget-container\">\n\t\t\t<style>\/*! elementor - v3.8.0 - 30-10-2022 *\/\n.elementor-heading-title{padding:0;margin:0;line-height:1}.elementor-widget-heading .elementor-heading-title[class*=elementor-size-]>a{color:inherit;font-size:inherit;line-height:inherit}.elementor-widget-heading .elementor-heading-title.elementor-size-small{font-size:15px}.elementor-widget-heading .elementor-heading-title.elementor-size-medium{font-size:19px}.elementor-widget-heading .elementor-heading-title.elementor-size-large{font-size:29px}.elementor-widget-heading .elementor-heading-title.elementor-size-xl{font-size:39px}.elementor-widget-heading .elementor-heading-title.elementor-size-xxl{font-size:59px}<\/style><h1 class=\"elementor-heading-title elementor-size-default\">Individuelle Badplanung und Badsanierung in Linz<\/h1>\t\t<\/div>\n\t\t\t\t<\/div>\n\t\t\t\t<div class=\"elementor-element elementor-element-5924626 elementor-widget-divider--view-line elementor-widget elementor-widget-divider\" data-id=\"5924626\" data-element_type=\"widget\" data-widget_type=\"divider.default\">\n\t\t\t\t<div class=\"elementor-widget-container\">\n\t\t\t<style>\/*! elementor - v3.8.0 - 30-10-2022 *\/\n.elementor-widget-divider{--divider-border-style:none;--divider-border-width:1px;--divider-color:#2c2c2c;--divider-icon-size:20px;--divider-element-spacing:10px;--divider-pattern-height:24px;--divider-pattern-size:20px;--divider-pattern-url:none;--divider-pattern-repeat:repeat-x}.elementor-widget-divider .elementor-divider{display:-webkit-box;display:-ms-flexbox;display:flex}.elementor-widget-divider .elementor-divider__text{font-size:15px;line-height:1;max-width:95%}.elementor-widget-divider .elementor-divider__element{margin:0 var(--divider-element-spacing);-ms-flex-negative:0;flex-shrink:0}.elementor-widget-divider .elementor-icon{font-size:var(--divider-icon-size)}.elementor-widget-divider .elementor-divider-separator{display:-webkit-box;display:-ms-flexbox;display:flex;margin:0;direction:ltr}.elementor-widget-divider--view-line_icon .elementor-divider-separator,.elementor-widget-divider--view-line_text .elementor-divider-separator{-webkit-box-align:center;-ms-flex-align:center;align-items:center}.elementor-widget-divider--view-line_icon .elementor-divider-separator:after,.elementor-widget-divider--view-line_icon .elementor-divider-separator:before,.elementor-widget-divider--view-line_text .elementor-divider-separator:after,.elementor-widget-divider--view-line_text .elementor-divider-separator:before{display:block;content:\"\";border-bottom:0;-webkit-box-flex:1;-ms-flex-positive:1;flex-grow:1;border-top:var(--divider-border-width) var(--divider-border-style) var(--divider-color)}.elementor-widget-divider--element-align-left .elementor-divider .elementor-divider-separator>.elementor-divider__svg:first-of-type{-webkit-box-flex:0;-ms-flex-positive:0;flex-grow:0;-ms-flex-negative:100;flex-shrink:100}.elementor-widget-divider--element-align-left .elementor-divider-separator:before{content:none}.elementor-widget-divider--element-align-left .elementor-divider__element{margin-left:0}.elementor-widget-divider--element-align-right .elementor-divider .elementor-divider-separator>.elementor-divider__svg:last-of-type{-webkit-box-flex:0;-ms-flex-positive:0;flex-grow:0;-ms-flex-negative:100;flex-shrink:100}.elementor-widget-divider--element-align-right .elementor-divider-separator:after{content:none}.elementor-widget-divider--element-align-right .elementor-divider__element{margin-right:0}.elementor-widget-divider:not(.elementor-widget-divider--view-line_text):not(.elementor-widget-divider--view-line_icon) .elementor-divider-separator{border-top:var(--divider-border-width) var(--divider-border-style) var(--divider-color)}.elementor-widget-divider--separator-type-pattern{--divider-border-style:none}.elementor-widget-divider--separator-type-pattern.elementor-widget-divider--view-line .elementor-divider-separator,.elementor-widget-divider--separator-type-pattern:not(.elementor-widget-divider--view-line) .elementor-divider-separator:after,.elementor-widget-divider--separator-type-pattern:not(.elementor-widget-divider--view-line) .elementor-divider-separator:before,.elementor-widget-divider--separator-type-pattern:not([class*=elementor-widget-divider--view]) .elementor-divider-separator{width:100%;min-height:var(--divider-pattern-height);-webkit-mask-size:var(--divider-pattern-size) 100%;mask-size:var(--divider-pattern-size) 100%;-webkit-mask-repeat:var(--divider-pattern-repeat);mask-repeat:var(--divider-pattern-repeat);background-color:var(--divider-color);-webkit-mask-image:var(--divider-pattern-url);mask-image:var(--divider-pattern-url)}.elementor-widget-divider--no-spacing{--divider-pattern-size:auto}.elementor-widget-divider--bg-round{--divider-pattern-repeat:round}.rtl .elementor-widget-divider .elementor-divider__text{direction:rtl}.e-con-inner>.elementor-widget-divider,.e-con>.elementor-widget-divider{width:var(--container-widget-width,100%)}<\/style>\t\t<div class=\"elementor-divider\">\n\t\t\t<span class=\"elementor-divider-separator\">\n\t\t\t\t\t\t<\/span>\n\t\t<\/div>\n\t\t\t\t<\/div>\n\t\t\t\t<\/div>\n\t\t\t\t<div class=\"elementor-element elementor-element-1975ab0 elementor-widget elementor-widget-heading\" data-id=\"1975ab0\" data-element_type=\"widget\" data-widget_type=\"heading.default\">\n\t\t\t\t<div class=\"elementor-widget-container\">\n\t\t\t<h2 class=\"elementor-heading-title elementor-size-default\">Das perfekte Bad aus einer Hand<\/h2>\t\t<\/div>\n\t\t\t\t<\/div>\n\t\t\t\t<div class=\"elementor-element elementor-element-92c8e77 elementor-widget elementor-widget-text-editor\" data-id=\"92c8e77\" data-element_type=\"widget\" data-widget_type=\"text-editor.default\">\n\t\t\t\t<div class=\"elementor-widget-container\">\n\t\t\t<style>\/*! elementor - v3.8.0 - 30-10-2022 *\/\n.elementor-widget-text-editor.elementor-drop-cap-view-stacked .elementor-drop-cap{background-color:#818a91;color:#fff}.elementor-widget-text-editor.elementor-drop-cap-view-framed .elementor-drop-cap{color:#818a91;border:3px solid;background-color:transparent}.elementor-widget-text-editor:not(.elementor-drop-cap-view-default) .elementor-drop-cap{margin-top:8px}.elementor-widget-text-editor:not(.elementor-drop-cap-view-default) .elementor-drop-cap-letter{width:1em;height:1em}.elementor-widget-text-editor .elementor-drop-cap{float:left;text-align:center;line-height:1;font-size:50px}.elementor-widget-text-editor .elementor-drop-cap-letter{display:inline-block}<\/style>\t\t\t\t<p>Ihr Traumbad muss kein Traum bleiben! Daf\u00fcr sorgt Der Bad Profi mit seinem erfahrenen Team. Die Badsanierung in Linz z\u00e4hlt zu unseren Spezialit\u00e4ten. Ihr Ansprechpartner in der ober\u00f6sterreichischen Landeshauptstadt begleitet Sie durch den gesamten Planungs- und Umbauprozess mit s\u00e4mtlichen Leistungen aus einer Hand \u2013 einfacher geht\u2019s nicht.<\/p><p>\u00a0<\/p><p>Bei der Badplanung in Linz \u00fcberlassen wir selbstverst\u00e4ndlich nichts dem Zufall. Die Mein Holter-Bad Ausstellung in der Friedhofstra\u00dfe 40, 4020 Linz vereint ganze Badwelten auf einer Fl\u00e4che von 600 m\u00b2. Ihr Bad Profi ber\u00e4t Sie nat\u00fcrlich pers\u00f6nlich und umfassend.<\/p><p>\u00a0<\/p><p>Vom Neubau bis zur Badrenovierung in Linz \u2013 lassen Sie uns noch heute Ihre <a href=\"\/linz\/#schnellanfrage\">Terminanfrage<\/a> zukommen und schlagen Sie den Weg zum Traumbad ein.<\/p>\t\t\t\t\t\t<\/div>\n\t\t\t\t<\/div>\n\t\t\t\t\t<\/div>\n\t\t<\/div>\n\t\t\t\t\t\t\t<\/div>\n\t\t<\/section>\n\t\t\t\t\t\t\t<\/div>\n\t\t","protected":false},"excerpt":{"rendered":"<p>Individuelle Badplanung und Badsanierung in Linz Das perfekte Bad aus einer Hand Ihr Traumbad muss kein Traum bleiben! Daf\u00fcr sorgt Der Bad Profi mit seinem erfahrenen Team. Die Badsanierung in Linz z\u00e4hlt zu unseren Spezialit\u00e4ten. Ihr Ansprechpartner in der ober\u00f6sterreichischen Landeshauptstadt begleitet Sie durch den gesamten Planungs- und Umbauprozess mit s\u00e4mtlichen Leistungen aus einer Hand [&hellip;]<\/p>\n","protected":false},"author":1,"featured_media":0,"parent":10644,"menu_order":0,"comment_status":"closed","ping_status":"closed","template":"elementor_header_footer","meta":[],"yoast_head":"<!-- This site is optimized with the Yoast SEO plugin v19.10 - https:\/\/yoast.com\/wordpress\/plugins\/seo\/ -->\n<title>Individuelle Badplanung und Badsanierung in Linz<\/title>\n<meta name=\"description\" content=\"Mit Der Bad Profi werden Ihre Badtr\u00e4ume schon bald Wirklichkeit. Am Standort Linz begleiten wir Sie von der Planung \u00fcber den Umbau bis zur \u00dcbergabe.\" \/>\n<meta name=\"robots\" content=\"index, follow, max-snippet:-1, max-image-preview:large, max-video-preview:-1\" \/>\n<link rel=\"canonical\" href=\"https:\/\/derbadprofi.at\/v2\/unternehmen\/standorte\/linz\/\" \/>\n<meta property=\"og:locale\" content=\"de_DE\" \/>\n<meta property=\"og:type\" content=\"article\" \/>\n<meta property=\"og:title\" content=\"Individuelle Badplanung und Badsanierung in Linz\" \/>\n<meta property=\"og:description\" content=\"Mit Der Bad Profi werden Ihre Badtr\u00e4ume schon bald Wirklichkeit. Am Standort Linz begleiten wir Sie von der Planung \u00fcber den Umbau bis zur \u00dcbergabe.\" \/>\n<meta property=\"og:url\" content=\"https:\/\/derbadprofi.at\/v2\/unternehmen\/standorte\/linz\/\" \/>\n<meta property=\"og:site_name\" content=\"Badplanung und Badsanierung in &Ouml;sterreich mit Der Bad Profi\" \/>\n<meta property=\"article:modified_time\" content=\"2021-02-04T15:33:34+00:00\" \/>\n<meta name=\"twitter:card\" content=\"summary_large_image\" \/>\n<meta name=\"twitter:label1\" content=\"Gesch\u00e4tzte Lesezeit\" \/>\n\t<meta name=\"twitter:data1\" content=\"1 Minute\" \/>\n<script type=\"application\/ld+json\" class=\"yoast-schema-graph\">{\"@context\":\"https:\/\/schema.org\",\"@graph\":[{\"@type\":\"WebPage\",\"@id\":\"https:\/\/derbadprofi.at\/v2\/unternehmen\/standorte\/linz\/\",\"url\":\"https:\/\/derbadprofi.at\/v2\/unternehmen\/standorte\/linz\/\",\"name\":\"Individuelle Badplanung und Badsanierung in Linz\",\"isPartOf\":{\"@id\":\"https:\/\/derbadprofi.at\/v2\/#website\"},\"datePublished\":\"2020-04-01T07:50:38+00:00\",\"dateModified\":\"2021-02-04T15:33:34+00:00\",\"description\":\"Mit Der Bad Profi werden Ihre Badtr\u00e4ume schon bald Wirklichkeit. Am Standort Linz begleiten wir Sie von der Planung \u00fcber den Umbau bis zur \u00dcbergabe.\",\"breadcrumb\":{\"@id\":\"https:\/\/derbadprofi.at\/v2\/unternehmen\/standorte\/linz\/#breadcrumb\"},\"inLanguage\":\"de-AT\",\"potentialAction\":[{\"@type\":\"ReadAction\",\"target\":[\"https:\/\/derbadprofi.at\/v2\/unternehmen\/standorte\/linz\/\"]}]},{\"@type\":\"BreadcrumbList\",\"@id\":\"https:\/\/derbadprofi.at\/v2\/unternehmen\/standorte\/linz\/#breadcrumb\",\"itemListElement\":[{\"@type\":\"ListItem\",\"position\":1,\"name\":\"Home\",\"item\":\"https:\/\/derbadprofi.at\/v2\/\"},{\"@type\":\"ListItem\",\"position\":2,\"name\":\"Unternehmen\",\"item\":\"https:\/\/derbadprofi.at\/v2\/unternehmen\/\"},{\"@type\":\"ListItem\",\"position\":3,\"name\":\"Standorte\",\"item\":\"https:\/\/derbadprofi.at\/v2\/unternehmen\/standorte\/\"},{\"@type\":\"ListItem\",\"position\":4,\"name\":\"Linz\"}]},{\"@type\":\"WebSite\",\"@id\":\"https:\/\/derbadprofi.at\/v2\/#website\",\"url\":\"https:\/\/derbadprofi.at\/v2\/\",\"name\":\"Badplanung und Badsanierung in &Ouml;sterreich mit Der Bad Profi\",\"description\":\"Badplanung, Badrenovierung und Badsanierung in &Ouml;sterreich - flexibel, individuell, ohne versteckte Kosten und mit Handschlagqualit&auml;t. Ihr Bad Profi!\",\"potentialAction\":[{\"@type\":\"SearchAction\",\"target\":{\"@type\":\"EntryPoint\",\"urlTemplate\":\"https:\/\/derbadprofi.at\/v2\/?s={search_term_string}\"},\"query-input\":\"required name=search_term_string\"}],\"inLanguage\":\"de-AT\"}]}<\/script>\n<!-- \/ Yoast SEO plugin. -->","yoast_head_json":{"title":"Individuelle Badplanung und Badsanierung in Linz","description":"Mit Der Bad Profi werden Ihre Badtr\u00e4ume schon bald Wirklichkeit. Am Standort Linz begleiten wir Sie von der Planung \u00fcber den Umbau bis zur \u00dcbergabe.","robots":{"index":"index","follow":"follow","max-snippet":"max-snippet:-1","max-image-preview":"max-image-preview:large","max-video-preview":"max-video-preview:-1"},"canonical":"https:\/\/derbadprofi.at\/v2\/unternehmen\/standorte\/linz\/","og_locale":"de_DE","og_type":"article","og_title":"Individuelle Badplanung und Badsanierung in Linz","og_description":"Mit Der Bad Profi werden Ihre Badtr\u00e4ume schon bald Wirklichkeit. Am Standort Linz begleiten wir Sie von der Planung \u00fcber den Umbau bis zur \u00dcbergabe.","og_url":"https:\/\/derbadprofi.at\/v2\/unternehmen\/standorte\/linz\/","og_site_name":"Badplanung und Badsanierung in &Ouml;sterreich mit Der Bad Profi","article_modified_time":"2021-02-04T15:33:34+00:00","twitter_card":"summary_large_image","twitter_misc":{"Gesch\u00e4tzte Lesezeit":"1 Minute"},"schema":{"@context":"https:\/\/schema.org","@graph":[{"@type":"WebPage","@id":"https:\/\/derbadprofi.at\/v2\/unternehmen\/standorte\/linz\/","url":"https:\/\/derbadprofi.at\/v2\/unternehmen\/standorte\/linz\/","name":"Individuelle Badplanung und Badsanierung in Linz","isPartOf":{"@id":"https:\/\/derbadprofi.at\/v2\/#website"},"datePublished":"2020-04-01T07:50:38+00:00","dateModified":"2021-02-04T15:33:34+00:00","description":"Mit Der Bad Profi werden Ihre Badtr\u00e4ume schon bald Wirklichkeit. Am Standort Linz begleiten wir Sie von der Planung \u00fcber den Umbau bis zur \u00dcbergabe.","breadcrumb":{"@id":"https:\/\/derbadprofi.at\/v2\/unternehmen\/standorte\/linz\/#breadcrumb"},"inLanguage":"de-AT","potentialAction":[{"@type":"ReadAction","target":["https:\/\/derbadprofi.at\/v2\/unternehmen\/standorte\/linz\/"]}]},{"@type":"BreadcrumbList","@id":"https:\/\/derbadprofi.at\/v2\/unternehmen\/standorte\/linz\/#breadcrumb","itemListElement":[{"@type":"ListItem","position":1,"name":"Home","item":"https:\/\/derbadprofi.at\/v2\/"},{"@type":"ListItem","position":2,"name":"Unternehmen","item":"https:\/\/derbadprofi.at\/v2\/unternehmen\/"},{"@type":"ListItem","position":3,"name":"Standorte","item":"https:\/\/derbadprofi.at\/v2\/unternehmen\/standorte\/"},{"@type":"ListItem","position":4,"name":"Linz"}]},{"@type":"WebSite","@id":"https:\/\/derbadprofi.at\/v2\/#website","url":"https:\/\/derbadprofi.at\/v2\/","name":"Badplanung und Badsanierung in &Ouml;sterreich mit Der Bad Profi","description":"Badplanung, Badrenovierung und Badsanierung in &Ouml;sterreich - flexibel, individuell, ohne versteckte Kosten und mit Handschlagqualit&auml;t. Ihr Bad Profi!","potentialAction":[{"@type":"SearchAction","target":{"@type":"EntryPoint","urlTemplate":"https:\/\/derbadprofi.at\/v2\/?s={search_term_string}"},"query-input":"required name=search_term_string"}],"inLanguage":"de-AT"}]}},"_links":{"self":[{"href":"https:\/\/derbadprofi.at\/v2\/wp-json\/wp\/v2\/pages\/10660"}],"collection":[{"href":"https:\/\/derbadprofi.at\/v2\/wp-json\/wp\/v2\/pages"}],"about":[{"href":"https:\/\/derbadprofi.at\/v2\/wp-json\/wp\/v2\/types\/page"}],"author":[{"embeddable":true,"href":"https:\/\/derbadprofi.at\/v2\/wp-json\/wp\/v2\/users\/1"}],"replies":[{"embeddable":true,"href":"https:\/\/derbadprofi.at\/v2\/wp-json\/wp\/v2\/comments?post=10660"}],"version-history":[{"count":5,"href":"https:\/\/derbadprofi.at\/v2\/wp-json\/wp\/v2\/pages\/10660\/revisions"}],"predecessor-version":[{"id":11065,"href":"https:\/\/derbadprofi.at\/v2\/wp-json\/wp\/v2\/pages\/10660\/revisions\/11065"}],"up":[{"embeddable":true,"href":"https:\/\/derbadprofi.at\/v2\/wp-json\/wp\/v2\/pages\/10644"}],"wp:attachment":[{"href":"https:\/\/derbadprofi.at\/v2\/wp-json\/wp\/v2\/media?parent=10660"}],"curies":[{"name":"wp","href":"https:\/\/api.w.org\/{rel}","templated":true}]}}